{"id":132,"date":"2025-09-04T16:41:52","date_gmt":"2025-09-04T16:41:52","guid":{"rendered":"https:\/\/deepabalance.com\/?page_id=132"},"modified":"2025-10-07T17:41:00","modified_gmt":"2025-10-07T17:41:00","slug":"die-before-you-die","status":"publish","type":"page","link":"https:\/\/deepabalance.com\/lt\/","title":{"rendered":"Die Before You Die"},"content":{"rendered":"<div class=\"wp-block-uagb-container uagb-block-54486ef6 alignfull uagb-is-root-container\"><div class=\"uagb-container-inner-blocks-wrap\">\n<div class=\"wp-block-uagb-container uagb-block-58fefb12 alignfull uagb-is-root-container\"><div class=\"uagb-container-inner-blocks-wrap\">\n<div class=\"wp-block-uagb-advanced-heading uagb-block-4eadddff\"><h1 class=\"uagb-heading-text\">DIE BEFORE YOU DIE<\/h1><\/div>\n\n\n\n<div class=\"wp-block-uagb-advanced-heading uagb-block-7038112d\"><h3 class=\"uagb-heading-text\">The Art of Letting Go su Kaifi Heraklis | 4 dien\u0173 atsiskyrimas<\/h3><\/div>\n\n\n\n<div class=\"wp-block-uagb-advanced-heading uagb-block-68a5ffd0\"><h4 class=\"uagb-heading-text\">2026 GEGU\u017d\u0116S 21-24<\/h4><\/div>\n\n\n\n<div class=\"wp-block-uagb-buttons uagb-buttons__outer-wrap uagb-btn__default-btn uagb-btn-tablet__default-btn uagb-btn-mobile__default-btn uagb-block-aebe5580\"><div class=\"uagb-buttons__wrap uagb-buttons-layout-wrap\">\n<div class=\"wp-block-uagb-buttons-child uagb-buttons__outer-wrap uagb-block-0776a7fa wp-block-button\"><div class=\"uagb-button__wrapper\"><a class=\"uagb-buttons-repeater wp-block-button__link\" aria-label=\"\" href=\"#form_block\" rel=\"follow noopener\" target=\"_self\" role=\"button\"><div class=\"uagb-button__link\">JUNKIT\u0116S PRIE ATSISKYRIMO<\/div><\/a><\/div><\/div>\n<\/div><\/div>\n<\/div><\/div>\n<\/div><\/div>\n\n\n\n<div class=\"wp-block-uagb-container uagb-block-f45610fa alignfull uagb-is-root-container\"><div class=\"uagb-container-inner-blocks-wrap\">\n<div class=\"wp-block-uagb-container uagb-block-3f4640b9 alignfull uagb-is-root-container\"><div class=\"uagb-container-inner-blocks-wrap\">\n<div class=\"wp-block-uagb-advanced-heading uagb-block-086b843d\"><h2 class=\"uagb-heading-text\">4 Dien\u0173 Patyriminis Atsiskyrimas su Kaifi Heraklis<\/h2><\/div>\n<\/div><\/div>\n\n\n\n<div class=\"wp-block-uagb-container uagb-block-36f25645 alignfull uagb-is-root-container\"><div class=\"uagb-container-inner-blocks-wrap\">\n<div class=\"wp-block-uagb-container uagb-block-3b0c478b\">\n<div class=\"wp-block-uagb-image uagb-block-bddefb54 wp-block-uagb-image--layout-default wp-block-uagb-image--effect-static wp-block-uagb-image--align-none\"><figure class=\"wp-block-uagb-image__figure\"><img decoding=\"async\" srcset=\"https:\/\/deepabalance.com\/wp-content\/uploads\/2025\/09\/dancers-300x168.png ,https:\/\/deepabalance.com\/wp-content\/uploads\/2025\/09\/dancers.png 780w, https:\/\/deepabalance.com\/wp-content\/uploads\/2025\/09\/dancers.png 360w\" sizes=\"auto, (max-width: 480px) 150px\" src=\"https:\/\/deepabalance.com\/wp-content\/uploads\/2025\/09\/dancers-300x168.png\" alt=\"\" class=\"uag-image-164\" width=\"300\" height=\"168\" title=\"dancers\" loading=\"lazy\" role=\"img\"\/><\/figure><\/div>\n\n\n\n<div class=\"wp-block-uagb-advanced-heading uagb-block-f174079e\"><h4 class=\"uagb-heading-text\">KAS<\/h4><\/div>\n\n\n\n<p class=\"translation-block\">Meditatyvin\u0117 kelion\u0117, \u012fkv\u0117pta sufij\u0173 ir \u0161aman\u0173, sukurta giliai vidinei transformacijai. Savo tikrosios prigimties, kaip esmin\u0117s Organin\u0117s visumos dalies, suvokimas \u2013 tai tik keletas pagrindini\u0173 tem\u0173, kurias patirsite per \u0161ias keturias dienas.<br><br>\nDie Before You Die- The Art of Letting Go , tai originali k\u016bno, ekstatinio \u0161okio, meditacijos, gilaus ir individualaus ry\u0161io k\u016brimo su sav\u0105j\u0105 s\u0105vastimi, aplinka praktik\u0173 bei From Separation to Unity\u00ae (FSTU\u00ae) technikos sintez\u0117.<br><br>\n\u0160i kelion\u0117 - \u012fkv\u0117pta sufij\u0173 filosofijos ir \u0161aman\u0173 mistikos bei mokslu gr\u012fstais HeartMath\u00ae instituto moksliniais tyrimais.<\/p>\n<\/div>\n\n\n\n<div class=\"wp-block-uagb-container uagb-block-45c8ef48\">\n<div class=\"wp-block-uagb-image uagb-block-d141f1bf wp-block-uagb-image--layout-default wp-block-uagb-image--effect-static wp-block-uagb-image--align-none\"><figure class=\"wp-block-uagb-image__figure\"><img decoding=\"async\" srcset=\"https:\/\/deepabalance.com\/wp-content\/uploads\/2025\/09\/hall-300x168.png ,https:\/\/deepabalance.com\/wp-content\/uploads\/2025\/09\/hall.png 780w, https:\/\/deepabalance.com\/wp-content\/uploads\/2025\/09\/hall.png 360w\" sizes=\"auto, (max-width: 480px) 150px\" src=\"https:\/\/deepabalance.com\/wp-content\/uploads\/2025\/09\/hall-300x168.png\" alt=\"\" class=\"uag-image-166\" width=\"300\" height=\"168\" title=\"hall\" loading=\"lazy\" role=\"img\"\/><\/figure><\/div>\n\n\n\n<div class=\"wp-block-uagb-advanced-heading uagb-block-ce7463cb\"><h4 class=\"uagb-heading-text\">KUR<\/h4><\/div>\n\n\n\n<p><a href=\"https:\/\/maps.app.goo.gl\/6h6DF6eNaB3uwT2P9\" data-type=\"link\" data-id=\"https:\/\/maps.app.goo.gl\/6h6DF6eNaB3uwT2P9\" target=\"_blank\" rel=\"noreferrer noopener\">Dij\u016bta Kalnalis<\/a> <br>GPS: 55.015948, 23.566673<\/p>\n\n\n\n<div class=\"wp-block-uagb-advanced-heading uagb-block-b156d976\"><h4 class=\"uagb-heading-text\">KADA<\/h4><\/div>\n\n\n\n<p>2026 Gegu\u017e\u0117s 21 - 24<\/p>\n<\/div>\n<\/div><\/div>\n<\/div><\/div>\n\n\n\n<div class=\"wp-block-uagb-container uagb-block-f608c3c4 alignfull uagb-is-root-container\"><div class=\"uagb-container-inner-blocks-wrap\">\n<div class=\"wp-block-uagb-container uagb-block-2d63cc5d\">\n<div class=\"wp-block-uagb-image uagb-block-9daaaace wp-block-uagb-image--layout-default wp-block-uagb-image--effect-static wp-block-uagb-image--align-none\"><figure class=\"wp-block-uagb-image__figure\"><img decoding=\"async\" srcset=\"https:\/\/deepabalance.com\/wp-content\/uploads\/2025\/09\/sufi.png ,https:\/\/deepabalance.com\/wp-content\/uploads\/2025\/09\/sufi.png 780w, https:\/\/deepabalance.com\/wp-content\/uploads\/2025\/09\/sufi.png 360w\" sizes=\"auto, (max-width: 480px) 150px\" src=\"https:\/\/deepabalance.com\/wp-content\/uploads\/2025\/09\/sufi.png\" alt=\"\" class=\"uag-image-185\" width=\"683\" height=\"384\" title=\"sufi\" loading=\"lazy\" role=\"img\"\/><\/figure><\/div>\n<\/div>\n\n\n\n<div class=\"wp-block-uagb-container uagb-block-611d9e24\">\n<div class=\"wp-block-uagb-advanced-heading uagb-block-1d2f73d6\"><h2 class=\"uagb-heading-text\">Veda Kaifi Heraklis<\/h2><\/div>\n\n\n\n<p class=\"has-quaternary-color has-text-color has-link-color wp-elements-cd7acb98d7ca85edb37b960ffa37aa46 translation-block\"><strong>Kaifi Heraklis<\/strong> \u2013 Graikijoje, Kretos saloje gim\u0119s <strong>From Separation to Unity<\/strong> metodikos autorius, <strong>HeartMath\u00ae<\/strong> kou\u010deris, sertifikuotas <strong>Osho<\/strong> aktyvi\u0173j\u0173 meditacij\u0173, <strong>DVNLP<\/strong> bei <strong>Ericksonian<\/strong> hipnoz\u0117s treneris, daug met\u0173 dirbantis individualiai, su poromis bei grup\u0117mis visame pasaulyje.<br>Daugiau informacijos apie Kaifi ir jo darbus \u010dia: <a href=\"https:\/\/www.fromseparationtounity.com\/\" target=\"_blank\" rel=\"noreferrer noopener\">https:\/\/www.fromseparationtounity.com\/<\/a><\/p>\n\n\n\n<p class=\"has-quaternary-color has-text-color has-link-color wp-elements-f88838cb046e61bee3a29008e54fa053\"><\/p>\n<\/div>\n<\/div><\/div>\n\n\n\n<div class=\"wp-block-uagb-container uagb-block-cf1c6e27 alignfull uagb-is-root-container\"><div class=\"uagb-container-inner-blocks-wrap\">\n<div class=\"wp-block-uagb-advanced-heading uagb-block-c479a02d\"><h2 class=\"uagb-heading-text\">Patirtis<\/h2><\/div>\n\n\n\n<p class=\"translation-block\"><strong>Unikalus derinys<\/strong><br> * \ud835\uddd9\ud835\uddff\ud835\uddfc\ud835\uddfa \ud835\udde6\ud835\uddf2\ud835\uddfd\ud835\uddee\ud835\uddff\ud835\uddee\ud835\ude01\ud835\uddf6\ud835\uddfc\ud835\uddfb \ud835\ude01\ud835\uddfc \ud835\udde8\ud835\uddfb\ud835\uddf6\ud835\ude01\ud835\ude06 (\ud835\uddd9\ud835\udde6\ud835\udde7\ud835\udde8)\u00ae  \u0160irdies pagrindu gr\u012fstos meditacijos (paremtos <strong>HeartMath\u00ae<\/strong> instituto moksliniais tyrimais)<br> * Judesio, kv\u0117pavimo praktikos ir  Ekstatiniai \u0161okiai<br> * Sufij\u0173 ir \u0161amanin\u0117s praktikos<br>* Paleidimo ir atgimimo ritualai<\/p>\n\n\n\n<p class=\"translation-block\"><strong>Temos<\/strong><br>* Kas i\u0161 tikr\u0173j\u0173 mir\u0161ta?<br>* K\u0105 rei\u0161kia gyventi autenti\u0161kai ir laisvai?<br>* Kaip paleisti tai, kas nebelaiko?<br>* Kaip galime pad\u0117ti tiems, kurie art\u0117ja prie mirties?<br> * Ir svarbiausia \u2013 kaip noriu gyventi savo gyvenim\u0105?<\/p>\n\n\n\n<p class=\"translation-block\"><strong>Kita<\/strong><br>* Renginio kalba - angl\u0173<br>* Blaivi erdv\u0117<br>* Viet\u0173 skai\u010dius ribotas. Dalyvavimas patvirtinamas sumok\u0117jus 200 EUR avans\u0105 (gr\u0105\u017einamas tik at\u0161aukus rengin\u012f d\u0117l nenumatyt\u0173 aplinkybi\u0173).<\/p>\n<\/div><\/div>\n\n\n\n<div class=\"wp-block-uagb-container uagb-block-b6948ad1 alignfull uagb-is-root-container\"><div class=\"uagb-container-inner-blocks-wrap\">\n<div class=\"wp-block-uagb-container uagb-block-7ffad30a\">\n<div class=\"wp-block-uagb-advanced-heading uagb-block-0b322170\"><h1 class=\"uagb-heading-text\">DAUGIAU INFORMACIJOS<\/h1><\/div>\n<\/div>\n\n\n\n<div id=\"form_block\" class=\"wp-block-uagb-container uagb-block-afb89770\">\n<div class=\"wp-block-uagb-forms uagb-forms__outer-wrap uagb-block-b364e721 uagb-forms__medium-btn\"><form class=\"uagb-forms-main-form\" method=\"post\" autocomplete=\"on\" name=\"uagb-form-b364e721\" action=\"\">\n<div class=\"wp-block-uagb-forms-name uagb-forms-name-wrap uagb-forms-field-set uagb-block-a0aadfb8\"><div class=\"uagb-forms-name-label required uagb-forms-input-label\" id=\"a0aadfb8\">Vardas<\/div><input type=\"text\" placeholder=\"Jonas\" required class=\"uagb-forms-name-input uagb-forms-input\" name=\"a0aadfb8\" autocomplete=\"given-name\"\/><\/div>\n\n\n\n<div class=\"wp-block-uagb-forms-name uagb-forms-name-wrap uagb-forms-field-set uagb-block-6f41d526\"><div class=\"uagb-forms-name-label  uagb-forms-input-label\" id=\"6f41d526\">Pavard\u0117<\/div><input type=\"text\" placeholder=\"Jonauskas\" class=\"uagb-forms-name-input uagb-forms-input\" name=\"6f41d526\" autocomplete=\"family-name\"\/><\/div>\n\n\n\n<div class=\"wp-block-uagb-forms-phone uagb-forms-phone-wrap uagb-forms-field-set uagb-block-a9c7e951\"><div class=\"uagb-forms-phone-label  uagb-forms-input-label\" id=\"a9c7e951\">Telefonas<\/div><div class=\"uagb-forms-phone-flex\"><select class=\"uagb-forms-input uagb-form-phone-country\" id=\"uagb-form-country-a9c7e951\" name=\"Phone[]\"><option value=\"+44\" selected>UK (+44)<\/option><option value=\"+1\">USA \/ Canada (+1)<\/option><option value=\"+213\">Algeria (+213)<\/option><option value=\"+376\">Andorra (+376)<\/option><option value=\"+244\">Angola (+244)<\/option><option value=\"+1264\">Anguilla (+1264)<\/option><option value=\"+1268\">Antigua &amp; Barbuda (+1268)<\/option><option value=\"+54\">Argentina (+54)<\/option><option value=\"+374\">Armenia (+374)<\/option><option value=\"+297\">Aruba (+297)<\/option><option value=\"+61\">Australia (+61)<\/option><option value=\"+43\">Austria (+43)<\/option><option value=\"+994\">Azerbaijan (+994)<\/option><option value=\"+1242\">Bahamas (+1242)<\/option><option value=\"+973\">Bahrain (+973)<\/option><option value=\"+880\">Bangladesh (+880)<\/option><option value=\"+1246\">Barbados (+1246)<\/option><option value=\"+375\">Belarus (+375)<\/option><option value=\"+32\">Belgium (+32)<\/option><option value=\"+501\">Belize (+501)<\/option><option value=\"+229\">Benin (+229)<\/option><option value=\"+1441\">Bermuda (+1441)<\/option><option value=\"+975\">Bhutan (+975)<\/option><option value=\"+591\">Bolivia (+591)<\/option><option value=\"+387\">Bosnia Herzegovina (+387)<\/option><option value=\"+267\">Botswana (+267)<\/option><option value=\"+55\">Brazil (+55)<\/option><option value=\"+673\">Brunei (+673)<\/option><option value=\"+359\">Bulgaria (+359)<\/option><option value=\"+226\">Burkina Faso (+226)<\/option><option value=\"+257\">Burundi (+257)<\/option><option value=\"+855\">Cambodia (+855)<\/option><option value=\"+237\">Cameroon (+237)<\/option><option value=\"+238\">Cape Verde Islands (+238)<\/option><option value=\"+1345\">Cayman Islands (+1345)<\/option><option value=\"+236\">Central African Republic (+236)<\/option><option value=\"+56\">Chile (+56)<\/option><option value=\"+86\">China (+86)<\/option><option value=\"+57\">Colombia (+57)<\/option><option value=\"+269\">Comoros (+269)<\/option><option value=\"+242\">Congo (+242)<\/option><option value=\"+682\">Cook Islands (+682)<\/option><option value=\"+506\">Costa Rica (+506)<\/option><option value=\"+385\">Croatia (+385)<\/option><option value=\"+53\">Cuba (+53)<\/option><option value=\"+90392\">Cyprus North (+90392)<\/option><option value=\"+357\">Cyprus South (+357)<\/option><option value=\"+420\">Czech Republic (+420)<\/option><option value=\"+45\">Denmark (+45)<\/option><option value=\"+253\">Djibouti (+253)<\/option><option value=\"+1809\">Dominica (+1809)<\/option><option value=\"+1809\">Dominican Republic (+1809)<\/option><option value=\"+593\">Ecuador (+593)<\/option><option value=\"+20\">Egypt (+20)<\/option><option value=\"+503\">El Salvador (+503)<\/option><option value=\"+240\">Equatorial Guinea (+240)<\/option><option value=\"+291\">Eritrea (+291)<\/option><option value=\"+372\">Estonia (+372)<\/option><option value=\"+251\">Ethiopia (+251)<\/option><option value=\"+500\">Falkland Islands (+500)<\/option><option value=\"+298\">Faroe Islands (+298)<\/option><option value=\"+679\">Fiji (+679)<\/option><option value=\"+358\">Finland (+358)<\/option><option value=\"+33\">France (+33)<\/option><option value=\"+594\">French Guiana (+594)<\/option><option value=\"+689\">French Polynesia (+689)<\/option><option value=\"+241\">Gabon (+241)<\/option><option value=\"+220\">Gambia (+220)<\/option><option value=\"+7880\">Georgia (+7880)<\/option><option value=\"+49\">Germany (+49)<\/option><option value=\"+233\">Ghana (+233)<\/option><option value=\"+350\">Gibraltar (+350)<\/option><option value=\"+30\">Greece (+30)<\/option><option value=\"+299\">Greenland (+299)<\/option><option value=\"+1473\">Grenada (+1473)<\/option><option value=\"+590\">Guadeloupe (+590)<\/option><option value=\"+671\">Guam (+671)<\/option><option value=\"+502\">Guatemala (+502)<\/option><option value=\"+224\">Guinea (+224)<\/option><option value=\"+245\">Guinea &#8211; Bissau (+245)<\/option><option value=\"+592\">Guyana (+592)<\/option><option value=\"+509\">Haiti (+509)<\/option><option value=\"+504\">Honduras (+504)<\/option><option value=\"+852\">Hong Kong (+852)<\/option><option value=\"+36\">Hungary (+36)<\/option><option value=\"+354\">Iceland (+354)<\/option><option value=\"+91\">India (+91)<\/option><option value=\"+62\">Indonesia (+62)<\/option><option value=\"+98\">Iran (+98)<\/option><option value=\"+964\">Iraq (+964)<\/option><option value=\"+353\">Ireland (+353)<\/option><option value=\"+972\">Israel (+972)<\/option><option value=\"+39\">Italy (+39)<\/option><option value=\"+1876\">Jamaica (+1876)<\/option><option value=\"+81\">Japan (+81)<\/option><option value=\"+962\">Jordan (+962)<\/option><option value=\"+7\">Kazakhstan (+7)<\/option><option value=\"+254\">Kenya (+254)<\/option><option value=\"+686\">Kiribati (+686)<\/option><option value=\"+850\">Korea North (+850)<\/option><option value=\"+82\">Korea South (+82)<\/option><option value=\"+965\">Kuwait (+965)<\/option><option value=\"+996\">Kyrgyzstan (+996)<\/option><option value=\"+856\">Laos (+856)<\/option><option value=\"+371\">Latvia (+371)<\/option><option value=\"+961\">Lebanon (+961)<\/option><option value=\"+266\">Lesotho (+266)<\/option><option value=\"+231\">Liberia (+231)<\/option><option value=\"+218\">Libya (+218)<\/option><option value=\"+417\">Liechtenstein (+417)<\/option><option value=\"+370\">Lithuania (+370)<\/option><option value=\"+352\">Luxembourg (+352)<\/option><option value=\"+853\">Macao (+853)<\/option><option value=\"+389\">Macedonia (+389)<\/option><option value=\"+261\">Madagascar (+261)<\/option><option value=\"+265\">Malawi (+265)<\/option><option value=\"+60\">Malaysia (+60)<\/option><option value=\"+960\">Maldives (+960)<\/option><option value=\"+223\">Mali (+223)<\/option><option value=\"+356\">Malta (+356)<\/option><option value=\"+692\">Marshall Islands (+692)<\/option><option value=\"+596\">Martinique (+596)<\/option><option value=\"+222\">Mauritania (+222)<\/option><option value=\"+269\">Mayotte (+269)<\/option><option value=\"+52\">Mexico (+52)<\/option><option value=\"+691\">Micronesia (+691)<\/option><option value=\"+373\">Moldova (+373)<\/option><option value=\"+377\">Monaco (+377)<\/option><option value=\"+976\">Mongolia (+976)<\/option><option value=\"+1664\">Montserrat (+1664)<\/option><option value=\"+212\">Morocco (+212)<\/option><option value=\"+258\">Mozambique (+258)<\/option><option value=\"+95\">Myanmar (+95)<\/option><option value=\"+264\">Namibia (+264)<\/option><option value=\"+674\">Nauru (+674)<\/option><option value=\"+977\">Nepal (+977)<\/option><option value=\"+31\">Netherlands (+31)<\/option><option value=\"+687\">New Caledonia (+687)<\/option><option value=\"+64\">New Zealand (+64)<\/option><option value=\"+505\">Nicaragua (+505)<\/option><option value=\"+227\">Niger (+227)<\/option><option value=\"+234\">Nigeria (+234)<\/option><option value=\"+683\">Niue (+683)<\/option><option value=\"+672\">Norfolk Islands (+672)<\/option><option value=\"+670\">Northern Marianas (+670)<\/option><option value=\"+47\">Norway (+47)<\/option><option value=\"+968\">Oman (+968)<\/option><option value=\"+680\">Palau (+680)<\/option><option value=\"+507\">Panama (+507)<\/option><option value=\"+675\">Papua New Guinea (+675)<\/option><option value=\"+595\">Paraguay (+595)<\/option><option value=\"+51\">Peru (+51)<\/option><option value=\"+63\">Philippines (+63)<\/option><option value=\"+48\">Poland (+48)<\/option><option value=\"+351\">Portugal (+351)<\/option><option value=\"+1787\">Puerto Rico (+1787)<\/option><option value=\"+974\">Qatar (+974)<\/option><option value=\"+262\">Reunion (+262)<\/option><option value=\"+40\">Romania (+40)<\/option><option value=\"+7\">Russia (+7)<\/option><option value=\"+250\">Rwanda (+250)<\/option><option value=\"+378\">San Marino (+378)<\/option><option value=\"+239\">Sao Tome &amp; Principe (+239)<\/option><option value=\"+966\">Saudi Arabia (+966)<\/option><option value=\"+221\">Senegal (+221)<\/option><option value=\"+381\">Serbia (+381)<\/option><option value=\"+248\">Seychelles (+248)<\/option><option value=\"+232\">Sierra Leone (+232)<\/option><option value=\"+65\">Singapore (+65)<\/option><option value=\"+421\">Slovak Republic (+421)<\/option><option value=\"+386\">Slovenia (+386)<\/option><option value=\"+677\">Solomon Islands (+677)<\/option><option value=\"+252\">Somalia (+252)<\/option><option value=\"+27\">South Africa (+27)<\/option><option value=\"+34\">Spain (+34)<\/option><option value=\"+94\">Sri Lanka (+94)<\/option><option value=\"+290\">St. Helena (+290)<\/option><option value=\"+1869\">St. Kitts (+1869)<\/option><option value=\"+1758\">St. Lucia (+1758)<\/option><option value=\"+249\">Sudan (+249)<\/option><option value=\"+597\">Suriname (+597)<\/option><option value=\"+268\">Swaziland (+268)<\/option><option value=\"+46\">Sweden (+46)<\/option><option value=\"+41\">Switzerland (+41)<\/option><option value=\"+963\">Syria (+963)<\/option><option value=\"+886\">Taiwan (+886)<\/option><option value=\"+7\">Tajikstan (+7)<\/option><option value=\"+66\">Thailand (+66)<\/option><option value=\"+228\">Togo (+228)<\/option><option value=\"+676\">Tonga (+676)<\/option><option value=\"+1868\">Trinidad &amp; Tobago (+1868)<\/option><option value=\"+216\">Tunisia (+216)<\/option><option value=\"+90\">Turkey (+90)<\/option><option value=\"+7\">Turkmenistan (+7)<\/option><option value=\"+993\">Turkmenistan (+993)<\/option><option value=\"+1649\">Turks &amp; Caicos Islands (+1649)<\/option><option value=\"+688\">Tuvalu (+688)<\/option><option value=\"+256\">Uganda (+256)<\/option><option value=\"+380\">Ukraine (+380)<\/option><option value=\"+971\">United Arab Emirates (+971)<\/option><option value=\"+598\">Uruguay (+598)<\/option><option value=\"+7\">Uzbekistan (+7)<\/option><option value=\"+678\">Vanuatu (+678)<\/option><option value=\"+379\">Vatican City (+379)<\/option><option value=\"+58\">Venezuela (+58)<\/option><option value=\"+84\">Vietnam (+84)<\/option><option value=\"+84\">Virgin Islands &#8211; British (+1284)<\/option><option value=\"+84\">Virgin Islands &#8211; US (+1340)<\/option><option value=\"+681\">Wallis &amp; Futuna (+681)<\/option><option value=\"+969\">Yemen (North)(+969)<\/option><option value=\"+967\">Yemen (South)(+967)<\/option><option value=\"+260\">Zambia (+260)<\/option><option value=\"+263\">Zimbabwe (+263)<\/option><\/select><input type=\"tel\" class=\"uagb-forms-phone-input uagb-forms-input\" name=\"Phone[]\" autocomplete=\"tel-national\"\/><\/div><\/div>\n\n\n\n<div class=\"wp-block-uagb-forms-email uagb-forms-email-wrap uagb-forms-field-set uagb-block-d70095ab\"><div class=\"uagb-forms-email-label required uagb-forms-input-label\" id=\"d70095ab\">El. pa\u0161tas<\/div><input type=\"email\" class=\"uagb-forms-email-input uagb-forms-input\" placeholder=\"example@mail.com\" required name=\"d70095ab\" autocomplete=\"email\"\/><\/div>\n\n\n\n<div class=\"wp-block-uagb-forms-checkbox uagb-forms-checkbox-wrap uagb-forms-field-set uagb-block-10bf5236\"><div class=\"uagb-forms-checkbox-label required uagb-forms-input-label\" id=\"10bf5236\">Pa\u017eym\u0117kite bent vien\u0105 variant\u0105<\/div><input type=\"checkbox\" class=\"uagb-forms-checkbox\" id=\"checkbox-i-am-interested-in-this-event-10bf5236\" name=\"Please select at least one option[]\" value=\"I am interested in this event\" required><label for=\"checkbox-i-am-interested-in-this-event-10bf5236\">Mane domina \u0161is renginys<\/label><br\/><input type=\"checkbox\" class=\"uagb-forms-checkbox\" id=\"checkbox-notify-me-about-future-events-10bf5236\" name=\"Please select at least one option[]\" value=\"Notify me about future events\" required><label for=\"checkbox-notify-me-about-future-events-10bf5236\">Prane\u0161kite man apie b\u016bsimus renginius<\/label><br\/><\/div>\n\n\n\n<div class=\"wp-block-uagb-forms-textarea uagb-forms-textarea-wrap uagb-forms-field-set uagb-block-70107905\"><div class=\"uagb-forms-textarea-label  uagb-forms-input-label\" id=\"70107905\">\u017dinut\u0117<\/div><textarea class=\"uagb-forms-textarea-input uagb-forms-input\" rows=\"4\" placeholder=\"\u012era\u0161ykite \u017einut\u0119\" name=\"70107905\" autocomplete=\"off\"><\/textarea><\/div>\n<div class=\"uagb-forms-form-hidden-data\"><input type=\"hidden\" class=\"uagb_forms_form_label\" value=\"DBYD Form\"\/><input type=\"hidden\" class=\"uagb_forms_form_id\" value=\"uagb-form-b364e721\"\/><\/div><div class=\"uagb-form-reacaptcha-error-b364e721\"><\/div><div class=\"uagb-forms-main-submit-button-wrap wp-block-button\"><button class=\"uagb-forms-main-submit-button wp-block-button__link\"><div class=\"uagb-forms-main-submit-button-text\">Pateikti U\u017eklaus\u0105<\/div><\/button><\/div><input type=\"hidden\" name=\"trp-form-language\" value=\"lt\"\/><\/form><div class=\"uagb-forms-success-message-b364e721 uagb-forms-submit-message-hide\"><span>The form has been submitted successfully!<\/span><\/div><div class=\"uagb-forms-failed-message-b364e721 uagb-forms-submit-message-hide\"><span>There has been some error while submitting the form. Please verify all form fields again.<\/span><\/div><\/div>\n<\/div>\n<\/div><\/div>\n\n\n\n<p><\/p>","protected":false},"excerpt":{"rendered":"<p>DIE BEFORE YOU DIE THE ART OF LET GO 21-24 MAY 2026 4 Days Conscious Death Retreat with Kaifi Heracles WHAT Meditative healing journey inspired by sufis and shamans, the space is created for deep inner transformation. Realizing your true nature as an essential part of the Organic Whole &#8211; these are just some of [&hellip;]<\/p>","protected":false},"author":1,"featured_media":0,"parent":0,"menu_order":0,"comment_status":"closed","ping_status":"closed","template":"wp-custom-template-blank-page","meta":{"_uag_custom_page_level_css":"","_swt_meta_header_display":true,"_swt_meta_footer_display":true,"_swt_meta_site_title_display":false,"_swt_meta_sticky_header":false,"_swt_meta_transparent_header":false,"footnotes":""},"class_list":["post-132","page","type-page","status-publish","hentry"],"uagb_featured_image_src":{"full":false,"thumbnail":false,"medium":false,"medium_large":false,"large":false,"1536x1536":false,"2048x2048":false,"trp-custom-language-flag":false},"uagb_author_info":{"display_name":"Antanas Lasys","author_link":"https:\/\/deepabalance.com\/lt\/author\/lasys-antanasgmail-com\/"},"uagb_comment_info":0,"uagb_excerpt":"DIE BEFORE YOU DIE THE ART OF LET GO 21-24 MAY 2026 4 Days Conscious Death Retreat with Kaifi Heracles WHAT Meditative healing journey inspired by sufis and shamans, the space is created for deep inner transformation. Realizing your true nature as an essential part of the Organic Whole &#8211; these are just some of&hellip;","_links":{"self":[{"href":"https:\/\/deepabalance.com\/lt\/wp-json\/wp\/v2\/pages\/132","targetHints":{"allow":["GET"]}}],"collection":[{"href":"https:\/\/deepabalance.com\/lt\/wp-json\/wp\/v2\/pages"}],"about":[{"href":"https:\/\/deepabalance.com\/lt\/wp-json\/wp\/v2\/types\/page"}],"author":[{"embeddable":true,"href":"https:\/\/deepabalance.com\/lt\/wp-json\/wp\/v2\/users\/1"}],"replies":[{"embeddable":true,"href":"https:\/\/deepabalance.com\/lt\/wp-json\/wp\/v2\/comments?post=132"}],"version-history":[{"count":84,"href":"https:\/\/deepabalance.com\/lt\/wp-json\/wp\/v2\/pages\/132\/revisions"}],"predecessor-version":[{"id":283,"href":"https:\/\/deepabalance.com\/lt\/wp-json\/wp\/v2\/pages\/132\/revisions\/283"}],"wp:attachment":[{"href":"https:\/\/deepabalance.com\/lt\/wp-json\/wp\/v2\/media?parent=132"}],"curies":[{"name":"wp","href":"https:\/\/api.w.org\/{rel}","templated":true}]}}